{"id":60,"date":"2017-02-10T20:14:13","date_gmt":"2017-02-10T20:14:13","guid":{"rendered":"http:\/\/muki.pt\/?page_id=60"},"modified":"2017-04-26T11:56:52","modified_gmt":"2017-04-26T11:56:52","slug":"empresa","status":"publish","type":"page","link":"https:\/\/muki.pt\/pt-pt\/empresa\/","title":{"rendered":"Empresa"},"content":{"rendered":"<p>[vc_row css=&#8221;.vc_custom_1486809636183{padding-top: 60px !important;}&#8221;][vc_column width=&#8221;1\/2&#8243;][vc_single_image image=&#8221;176&#8243; img_size=&#8221;large&#8221;][\/vc_column][vc_column width=&#8221;1\/2&#8243;][vc_row_inner][vc_column_inner][vc_column_text]<\/p>\n<p style=\"font-weight: 300; font-size: 24px; color: #222; line-height: 1; margin-bottom: 30px;\">O que fazemos<\/p>\n<p style=\"line-height: 1.8;\">Marketing e comunica\u00e7\u00e3o digital<\/p>\n<p>[\/vc_column_text][\/vc_column_inner][\/vc_row_inner][vc_empty_space][vc_row_inner][vc_column_inner][vc_column_text]<\/p>\n<p style=\"font-weight: 300; font-size: 24px; color: #222; line-height: 1; margin-bottom: 30px;\">A nossa miss\u00e3o<\/p>\n<p style=\"line-height: 1.8;\">Ajudar os nossos clientes a beneficiar de todo o potencial das plataformas digitais, oferecendo solu\u00e7\u00f5es sustentadas<\/p>\n<p>[\/vc_column_text][\/vc_column_inner][\/vc_row_inner][vc_empty_space][vc_row_inner][vc_column_inner][vc_column_text]<\/p>\n<p style=\"font-weight: 300; font-size: 24px; color: #222; line-height: 1; margin-bottom: 30px;\">Os nossos valores<\/p>\n<p style=\"line-height: 1.8;\">Vis\u00e3o estrat\u00e9gica e integrada<\/p>\n<p style=\"line-height: 1.8;\">Profissionalismo e know-how<\/p>\n<p style=\"line-height: 1.8;\">\u00c9tica e confian\u00e7a<\/p>\n<p style=\"line-height: 1.8;\">Orienta\u00e7\u00e3o para resultados<\/p>\n<p style=\"line-height: 1.8;\">Satisfa\u00e7\u00e3o do cliente<\/p>\n<p>[\/vc_column_text][\/vc_column_inner][\/vc_row_inner][\/vc_column][\/vc_row][vc_row css=&#8221;.vc_custom_1486763022640{padding-top: 100px !important;padding-bottom: 100px !important;}&#8221;][vc_column]<div class=\"section-title title-block title-style-1 text-center\"><span class=\"top-title\"><\/span><h2 class=\"title\">Porqu\u00ea a Muki?<\/h2><div class=\"sub-title\">Crescemos com os nossos parceiros!<\/div><span class=\"bottom-title\"><\/span><\/div>[vc_row_inner][vc_column_inner width=&#8221;1\/4&#8243;]<div class=\"amwal-icon-box  box-style-1  text-center\">\r\r\n\t\t\t\t <span class=\"b-icon icon-users\"><\/span><h4 class=\"title\">Profissionalismo<\/h4><div class=\"desc\"><p>Rigor e compromisso<\/p>\n<\/div>\r\r\n\t\t\t<\/div>[\/vc_column_inner][vc_column_inner width=&#8221;1\/4&#8243;]<div class=\"amwal-icon-box  box-style-1  text-center\">\r\r\n\t\t\t\t <span class=\"b-icon icon-smile22\"><\/span><h4 class=\"title\">Satisfa\u00e7\u00e3o do cliente<\/h4><div class=\"desc\"><p>Resposta r\u00e1pida e eficaz<\/p>\n<\/div>\r\r\n\t\t\t<\/div>[\/vc_column_inner][vc_column_inner width=&#8221;1\/4&#8243;]<div class=\"amwal-icon-box  box-style-1  text-center\">\r\r\n\t\t\t\t <span class=\"b-icon fa fa-list-ul\"><\/span><h4 class=\"title\">Estrat\u00e9gia<\/h4><div class=\"desc\"><p>Estrat\u00e9gia e planeamento<\/p>\n<\/div>\r\r\n\t\t\t<\/div>[\/vc_column_inner][vc_column_inner width=&#8221;1\/4&#8243;]<div class=\"amwal-icon-box  box-style-1  text-center\">\r\r\n\t\t\t\t <span class=\"b-icon fa fa-lightbulb-o\"><\/span><h4 class=\"title\">Criatividade<\/h4><div class=\"desc\"><p>Boas ideias para cada cliente<\/p>\n<\/div>\r\r\n\t\t\t<\/div>[\/vc_column_inner][\/vc_row_inner][\/vc_column][\/vc_row]<\/p>\n","protected":false},"excerpt":{"rendered":"<p>[vc_row css=&#8221;.vc_custom_1486809636183{padding-top: 60px !important;}&#8221;][vc_column width=&#8221;1\/2&#8243;][vc_single_image image=&#8221;176&#8243; img_size=&#8221;large&#8221;][\/vc_column][vc_column width=&#8221;1\/2&#8243;][vc_row_inner][vc_column_inner][vc_column_text] O que fazemos Marketing e comunica\u00e7\u00e3o digital [\/vc_column_text][\/vc_column_inner][\/vc_row_inner][vc_empty_space][vc_row_inner][vc_column_inner][vc_column_text] A nossa miss\u00e3o Ajudar os nossos clientes a beneficiar de todo o potencial das plataformas digitais, oferecendo solu\u00e7\u00f5es sustentadas [\/vc_column_text][\/vc_column_inner][\/vc_row_inner][vc_empty_space][vc_row_inner][vc_column_inner][vc_column_text] Os nossos valores Vis\u00e3o estrat\u00e9gica e integrada Profissionalismo e know-how \u00c9tica e confian\u00e7a Orienta\u00e7\u00e3o para resultados Satisfa\u00e7\u00e3o do cliente&hellip;<\/p>\n","protected":false},"author":1,"featured_media":0,"parent":0,"menu_order":0,"comment_status":"closed","ping_status":"closed","template":"template-full-width.php","meta":[],"yoast_head":"<!-- This site is optimized with the Yoast SEO plugin v16.1.1 - https:\/\/yoast.com\/wordpress\/plugins\/seo\/ -->\n<title>Empresa - Muki Portugal<\/title>\n<link rel=\"canonical\" href=\"https:\/\/muki.pt\/pt-pt\/empresa\/\" \/>\n<meta property=\"og:locale\" content=\"pt_PT\" \/>\n<meta property=\"og:type\" content=\"article\" \/>\n<meta property=\"og:title\" content=\"Empresa - Muki Portugal\" \/>\n<meta property=\"og:description\" content=\"[vc_row css=&#8221;.vc_custom_1486809636183{padding-top: 60px !important;}&#8221;][vc_column width=&#8221;1\/2&#8243;][vc_single_image image=&#8221;176&#8243; img_size=&#8221;large&#8221;][\/vc_column][vc_column width=&#8221;1\/2&#8243;][vc_row_inner][vc_column_inner][vc_column_text] O que fazemos Marketing e comunica\u00e7\u00e3o digital [\/vc_column_text][\/vc_column_inner][\/vc_row_inner][vc_empty_space][vc_row_inner][vc_column_inner][vc_column_text] A nossa miss\u00e3o Ajudar os nossos clientes a beneficiar de todo o potencial das plataformas digitais, oferecendo solu\u00e7\u00f5es sustentadas [\/vc_column_text][\/vc_column_inner][\/vc_row_inner][vc_empty_space][vc_row_inner][vc_column_inner][vc_column_text] Os nossos valores Vis\u00e3o estrat\u00e9gica e integrada Profissionalismo e know-how \u00c9tica e confian\u00e7a Orienta\u00e7\u00e3o para resultados Satisfa\u00e7\u00e3o do cliente&hellip;\" \/>\n<meta property=\"og:url\" content=\"https:\/\/muki.pt\/pt-pt\/empresa\/\" \/>\n<meta property=\"og:site_name\" content=\"Muki Portugal\" \/>\n<meta property=\"article:modified_time\" content=\"2017-04-26T11:56:52+00:00\" \/>\n<meta name=\"twitter:card\" content=\"summary\" \/>\n<meta name=\"twitter:label1\" content=\"Tempo estimado de leitura\">\n\t<meta name=\"twitter:data1\" content=\"1 minuto\">\n<script type=\"application\/ld+json\" class=\"yoast-schema-graph\">{\"@context\":\"https:\/\/schema.org\",\"@graph\":[{\"@type\":\"Organization\",\"@id\":\"https:\/\/muki.pt\/pt-pt\/#organization\",\"name\":\"Muki\",\"url\":\"https:\/\/muki.pt\/pt-pt\/\",\"sameAs\":[],\"logo\":{\"@type\":\"ImageObject\",\"@id\":\"https:\/\/muki.pt\/pt-pt\/#logo\",\"inLanguage\":\"pt-PT\",\"url\":\"http:\/\/muki.pt\/wp-content\/uploads\/2017\/02\/LOGO-MUKI_01FINAL-1.png\",\"contentUrl\":\"http:\/\/muki.pt\/wp-content\/uploads\/2017\/02\/LOGO-MUKI_01FINAL-1.png\",\"width\":1397,\"height\":665,\"caption\":\"Muki\"},\"image\":{\"@id\":\"https:\/\/muki.pt\/pt-pt\/#logo\"}},{\"@type\":\"WebSite\",\"@id\":\"https:\/\/muki.pt\/pt-pt\/#website\",\"url\":\"https:\/\/muki.pt\/pt-pt\/\",\"name\":\"Muki Portugal\",\"description\":\"digital agency\",\"publisher\":{\"@id\":\"https:\/\/muki.pt\/pt-pt\/#organization\"},\"potentialAction\":[{\"@type\":\"SearchAction\",\"target\":\"https:\/\/muki.pt\/pt-pt\/?s={search_term_string}\",\"query-input\":\"required name=search_term_string\"}],\"inLanguage\":\"pt-PT\"},{\"@type\":\"WebPage\",\"@id\":\"https:\/\/muki.pt\/pt-pt\/empresa\/#webpage\",\"url\":\"https:\/\/muki.pt\/pt-pt\/empresa\/\",\"name\":\"Empresa - Muki Portugal\",\"isPartOf\":{\"@id\":\"https:\/\/muki.pt\/pt-pt\/#website\"},\"datePublished\":\"2017-02-10T20:14:13+00:00\",\"dateModified\":\"2017-04-26T11:56:52+00:00\",\"breadcrumb\":{\"@id\":\"https:\/\/muki.pt\/pt-pt\/empresa\/#breadcrumb\"},\"inLanguage\":\"pt-PT\",\"potentialAction\":[{\"@type\":\"ReadAction\",\"target\":[\"https:\/\/muki.pt\/pt-pt\/empresa\/\"]}]},{\"@type\":\"BreadcrumbList\",\"@id\":\"https:\/\/muki.pt\/pt-pt\/empresa\/#breadcrumb\",\"itemListElement\":[{\"@type\":\"ListItem\",\"position\":1,\"item\":{\"@type\":\"WebPage\",\"@id\":\"https:\/\/muki.pt\/pt-pt\/\",\"url\":\"https:\/\/muki.pt\/pt-pt\/\",\"name\":\"In\\u00edcio\"}},{\"@type\":\"ListItem\",\"position\":2,\"item\":{\"@type\":\"WebPage\",\"@id\":\"https:\/\/muki.pt\/pt-pt\/empresa\/\",\"url\":\"https:\/\/muki.pt\/pt-pt\/empresa\/\",\"name\":\"Empresa\"}}]}]}<\/script>\n<!-- \/ Yoast SEO plugin. -->","_links":{"self":[{"href":"https:\/\/muki.pt\/pt-pt\/wp-json\/wp\/v2\/pages\/60"}],"collection":[{"href":"https:\/\/muki.pt\/pt-pt\/wp-json\/wp\/v2\/pages"}],"about":[{"href":"https:\/\/muki.pt\/pt-pt\/wp-json\/wp\/v2\/types\/page"}],"author":[{"embeddable":true,"href":"https:\/\/muki.pt\/pt-pt\/wp-json\/wp\/v2\/users\/1"}],"replies":[{"embeddable":true,"href":"https:\/\/muki.pt\/pt-pt\/wp-json\/wp\/v2\/comments?post=60"}],"version-history":[{"count":24,"href":"https:\/\/muki.pt\/pt-pt\/wp-json\/wp\/v2\/pages\/60\/revisions"}],"predecessor-version":[{"id":271,"href":"https:\/\/muki.pt\/pt-pt\/wp-json\/wp\/v2\/pages\/60\/revisions\/271"}],"wp:attachment":[{"href":"https:\/\/muki.pt\/pt-pt\/wp-json\/wp\/v2\/media?parent=60"}],"curies":[{"name":"wp","href":"https:\/\/api.w.org\/{rel}","templated":true}]}}